{"id":30272,"date":"2025-12-13T09:49:14","date_gmt":"2025-12-13T09:49:14","guid":{"rendered":"https:\/\/alfatasarim.net\/ufukcam\/?page_id=30272"},"modified":"2025-12-13T10:11:19","modified_gmt":"2025-12-13T10:11:19","slug":"3d-duvar-kagidi","status":"publish","type":"page","link":"https:\/\/www.ufukdijital.com\/index.php\/hizmetlerimiz\/3d-duvar-kagidi\/","title":{"rendered":"3D Duvar Ka\u011f\u0131d\u0131"},"content":{"rendered":"\t\t<div data-elementor-type=\"wp-page\" data-elementor-id=\"30272\" class=\"elementor elementor-30272\" data-elementor-post-type=\"page\">\n\t\t\t\t\r\n\t\t<div class=\"default no-position show_shadow rs-sticky-default elementor-element elementor-element-39a91ff e-flex e-con-boxed e-con e-parent\" data-id=\"39a91ff\" data-element_type=\"container\">\n\t\t\t\t\t<div class=\"e-con-inner\">\n\t\t\r\n\t\t\t\t<div class=\"elementor-element elementor-element-2ba12ad elementor-widget elementor-widget-gallery\" data-id=\"2ba12ad\" data-element_type=\"widget\" data-settings=\"{&quot;aspect_ratio&quot;:&quot;1:1&quot;,&quot;lazyload&quot;:&quot;yes&quot;,&quot;gallery_layout&quot;:&quot;grid&quot;,&quot;columns&quot;:4,&quot;columns_tablet&quot;:2,&quot;columns_mobile&quot;:1,&quot;gap&quot;:{&quot;unit&quot;:&quot;px&quot;,&quot;size&quot;:10,&quot;sizes&quot;:[]},&quot;gap_laptop&quot;:{&quot;unit&quot;:&quot;px&quot;,&quot;size&quot;:10,&quot;sizes&quot;:[]},&quot;gap_tablet&quot;:{&quot;unit&quot;:&quot;px&quot;,&quot;size&quot;:10,&quot;sizes&quot;:[]},&quot;gap_mobile&quot;:{&quot;unit&quot;:&quot;px&quot;,&quot;size&quot;:10,&quot;sizes&quot;:[]},&quot;link_to&quot;:&quot;file&quot;,&quot;overlay_background&quot;:&quot;yes&quot;,&quot;content_hover_animation&quot;:&quot;fade-in&quot;}\" data-widget_type=\"gallery.default\">\n\t\t\t\t\t\t\t<div class=\"elementor-gallery__container\">\n\t\t\t\t\t\t\t<a class=\"e-gallery-item elementor-gallery-item elementor-animated-content\" href=\"https:\/\/www.ufukdijital.com\/wp-content\/uploads\/2025\/12\/IMG_3596.jpg\" data-elementor-open-lightbox=\"yes\" data-elementor-lightbox-slideshow=\"2ba12ad\" data-elementor-lightbox-title=\"IMG_3596\" data-e-action-hash=\"#elementor-action%3Aaction%3Dlightbox%26settings%3DeyJpZCI6MzAzNjUsInVybCI6Imh0dHBzOlwvXC93d3cudWZ1a2Rpaml0YWwuY29tXC93cC1jb250ZW50XC91cGxvYWRzXC8yMDI1XC8xMlwvSU1HXzM1OTYuanBnIiwic2xpZGVzaG93IjoiMmJhMTJhZCJ9\">\n\t\t\t\t\t<div class=\"e-gallery-image elementor-gallery-item__image\" data-thumbnail=\"https:\/\/www.ufukdijital.com\/wp-content\/uploads\/2025\/12\/IMG_3596.jpg\" data-width=\"2048\" data-height=\"1536\" aria-label=\"\" role=\"img\" ><\/div>\n\t\t\t\t\t\t\t\t\t\t\t<div class=\"elementor-gallery-item__overlay\"><\/div>\n\t\t\t\t\t\t\t\t\t\t\t\t\t\t<\/a>\n\t\t\t\t\t\t\t<a class=\"e-gallery-item elementor-gallery-item elementor-animated-content\" href=\"https:\/\/www.ufukdijital.com\/wp-content\/uploads\/2025\/12\/IMG-20210917-WA0017-1.jpg\" data-elementor-open-lightbox=\"yes\" data-elementor-lightbox-slideshow=\"2ba12ad\" data-elementor-lightbox-title=\"IMG-20210917-WA0017\" data-e-action-hash=\"#elementor-action%3Aaction%3Dlightbox%26settings%3DeyJpZCI6MzAzNjYsInVybCI6Imh0dHBzOlwvXC93d3cudWZ1a2Rpaml0YWwuY29tXC93cC1jb250ZW50XC91cGxvYWRzXC8yMDI1XC8xMlwvSU1HLTIwMjEwOTE3LVdBMDAxNy0xLmpwZyIsInNsaWRlc2hvdyI6IjJiYTEyYWQifQ%3D%3D\">\n\t\t\t\t\t<div class=\"e-gallery-image elementor-gallery-item__image\" data-thumbnail=\"https:\/\/www.ufukdijital.com\/wp-content\/uploads\/2025\/12\/IMG-20210917-WA0017-1.jpg\" data-width=\"1024\" data-height=\"931\" aria-label=\"\" role=\"img\" ><\/div>\n\t\t\t\t\t\t\t\t\t\t\t<div class=\"elementor-gallery-item__overlay\"><\/div>\n\t\t\t\t\t\t\t\t\t\t\t\t\t\t<\/a>\n\t\t\t\t\t\t\t<a class=\"e-gallery-item elementor-gallery-item elementor-animated-content\" href=\"https:\/\/www.ufukdijital.com\/wp-content\/uploads\/2025\/12\/IMG-20210921-WA0012.jpg\" data-elementor-open-lightbox=\"yes\" data-elementor-lightbox-slideshow=\"2ba12ad\" data-elementor-lightbox-title=\"IMG-20210921-WA0012\" data-e-action-hash=\"#elementor-action%3Aaction%3Dlightbox%26settings%3DeyJpZCI6MzAzNjcsInVybCI6Imh0dHBzOlwvXC93d3cudWZ1a2Rpaml0YWwuY29tXC93cC1jb250ZW50XC91cGxvYWRzXC8yMDI1XC8xMlwvSU1HLTIwMjEwOTIxLVdBMDAxMi5qcGciLCJzbGlkZXNob3ciOiIyYmExMmFkIn0%3D\">\n\t\t\t\t\t<div class=\"e-gallery-image elementor-gallery-item__image\" data-thumbnail=\"https:\/\/www.ufukdijital.com\/wp-content\/uploads\/2025\/12\/IMG-20210921-WA0012.jpg\" data-width=\"1080\" data-height=\"1053\" aria-label=\"\" role=\"img\" ><\/div>\n\t\t\t\t\t\t\t\t\t\t\t<div class=\"elementor-gallery-item__overlay\"><\/div>\n\t\t\t\t\t\t\t\t\t\t\t\t\t\t<\/a>\n\t\t\t\t\t\t\t<a class=\"e-gallery-item elementor-gallery-item elementor-animated-content\" href=\"https:\/\/www.ufukdijital.com\/wp-content\/uploads\/2025\/12\/IMG-20220328-WA0011-1.jpg\" data-elementor-open-lightbox=\"yes\" data-elementor-lightbox-slideshow=\"2ba12ad\" data-elementor-lightbox-title=\"IMG-20220328-WA0011\" data-e-action-hash=\"#elementor-action%3Aaction%3Dlightbox%26settings%3DeyJpZCI6MzAzNjksInVybCI6Imh0dHBzOlwvXC93d3cudWZ1a2Rpaml0YWwuY29tXC93cC1jb250ZW50XC91cGxvYWRzXC8yMDI1XC8xMlwvSU1HLTIwMjIwMzI4LVdBMDAxMS0xLmpwZyIsInNsaWRlc2hvdyI6IjJiYTEyYWQifQ%3D%3D\">\n\t\t\t\t\t<div class=\"e-gallery-image elementor-gallery-item__image\" data-thumbnail=\"https:\/\/www.ufukdijital.com\/wp-content\/uploads\/2025\/12\/IMG-20220328-WA0011-1.jpg\" data-width=\"750\" data-height=\"569\" aria-label=\"\" role=\"img\" ><\/div>\n\t\t\t\t\t\t\t\t\t\t\t<div class=\"elementor-gallery-item__overlay\"><\/div>\n\t\t\t\t\t\t\t\t\t\t\t\t\t\t<\/a>\n\t\t\t\t\t\t\t<a class=\"e-gallery-item elementor-gallery-item elementor-animated-content\" href=\"https:\/\/www.ufukdijital.com\/wp-content\/uploads\/2025\/12\/IMG-20220423-WA0000.jpg\" data-elementor-open-lightbox=\"yes\" data-elementor-lightbox-slideshow=\"2ba12ad\" data-elementor-lightbox-title=\"IMG-20220423-WA0000\" data-e-action-hash=\"#elementor-action%3Aaction%3Dlightbox%26settings%3DeyJpZCI6MzAzNzIsInVybCI6Imh0dHBzOlwvXC93d3cudWZ1a2Rpaml0YWwuY29tXC93cC1jb250ZW50XC91cGxvYWRzXC8yMDI1XC8xMlwvSU1HLTIwMjIwNDIzLVdBMDAwMC5qcGciLCJzbGlkZXNob3ciOiIyYmExMmFkIn0%3D\">\n\t\t\t\t\t<div class=\"e-gallery-image elementor-gallery-item__image\" data-thumbnail=\"https:\/\/www.ufukdijital.com\/wp-content\/uploads\/2025\/12\/IMG-20220423-WA0000.jpg\" data-width=\"1024\" data-height=\"934\" aria-label=\"\" role=\"img\" ><\/div>\n\t\t\t\t\t\t\t\t\t\t\t<div class=\"elementor-gallery-item__overlay\"><\/div>\n\t\t\t\t\t\t\t\t\t\t\t\t\t\t<\/a>\n\t\t\t\t\t\t\t<a class=\"e-gallery-item elementor-gallery-item elementor-animated-content\" href=\"https:\/\/www.ufukdijital.com\/wp-content\/uploads\/2025\/12\/IMG-20220820-WA0025.jpg\" data-elementor-open-lightbox=\"yes\" data-elementor-lightbox-slideshow=\"2ba12ad\" data-elementor-lightbox-title=\"IMG-20220820-WA0025\" data-e-action-hash=\"#elementor-action%3Aaction%3Dlightbox%26settings%3DeyJpZCI6MzAzNzQsInVybCI6Imh0dHBzOlwvXC93d3cudWZ1a2Rpaml0YWwuY29tXC93cC1jb250ZW50XC91cGxvYWRzXC8yMDI1XC8xMlwvSU1HLTIwMjIwODIwLVdBMDAyNS5qcGciLCJzbGlkZXNob3ciOiIyYmExMmFkIn0%3D\">\n\t\t\t\t\t<div class=\"e-gallery-image elementor-gallery-item__image\" data-thumbnail=\"https:\/\/www.ufukdijital.com\/wp-content\/uploads\/2025\/12\/IMG-20220820-WA0025.jpg\" data-width=\"1024\" data-height=\"1022\" aria-label=\"\" role=\"img\" ><\/div>\n\t\t\t\t\t\t\t\t\t\t\t<div class=\"elementor-gallery-item__overlay\"><\/div>\n\t\t\t\t\t\t\t\t\t\t\t\t\t\t<\/a>\n\t\t\t\t\t\t\t<a class=\"e-gallery-item elementor-gallery-item elementor-animated-content\" href=\"https:\/\/www.ufukdijital.com\/wp-content\/uploads\/2025\/12\/IMG-20251208-WA0012.jpg\" data-elementor-open-lightbox=\"yes\" data-elementor-lightbox-slideshow=\"2ba12ad\" data-elementor-lightbox-title=\"IMG-20251208-WA0012\" data-e-action-hash=\"#elementor-action%3Aaction%3Dlightbox%26settings%3DeyJpZCI6MzAzNzYsInVybCI6Imh0dHBzOlwvXC93d3cudWZ1a2Rpaml0YWwuY29tXC93cC1jb250ZW50XC91cGxvYWRzXC8yMDI1XC8xMlwvSU1HLTIwMjUxMjA4LVdBMDAxMi5qcGciLCJzbGlkZXNob3ciOiIyYmExMmFkIn0%3D\">\n\t\t\t\t\t<div class=\"e-gallery-image elementor-gallery-item__image\" data-thumbnail=\"https:\/\/www.ufukdijital.com\/wp-content\/uploads\/2025\/12\/IMG-20251208-WA0012.jpg\" data-width=\"750\" data-height=\"745\" aria-label=\"\" role=\"img\" ><\/div>\n\t\t\t\t\t\t\t\t\t\t\t<div class=\"elementor-gallery-item__overlay\"><\/div>\n\t\t\t\t\t\t\t\t\t\t\t\t\t\t<\/a>\n\t\t\t\t\t\t\t<a class=\"e-gallery-item elementor-gallery-item elementor-animated-content\" href=\"https:\/\/www.ufukdijital.com\/wp-content\/uploads\/2025\/12\/IMG-20251208-WA0013.jpg\" data-elementor-open-lightbox=\"yes\" data-elementor-lightbox-slideshow=\"2ba12ad\" data-elementor-lightbox-title=\"IMG-20251208-WA0013\" data-e-action-hash=\"#elementor-action%3Aaction%3Dlightbox%26settings%3DeyJpZCI6MzAzODAsInVybCI6Imh0dHBzOlwvXC93d3cudWZ1a2Rpaml0YWwuY29tXC93cC1jb250ZW50XC91cGxvYWRzXC8yMDI1XC8xMlwvSU1HLTIwMjUxMjA4LVdBMDAxMy5qcGciLCJzbGlkZXNob3ciOiIyYmExMmFkIn0%3D\">\n\t\t\t\t\t<div class=\"e-gallery-image elementor-gallery-item__image\" data-thumbnail=\"https:\/\/www.ufukdijital.com\/wp-content\/uploads\/2025\/12\/IMG-20251208-WA0013.jpg\" data-width=\"1080\" data-height=\"1364\" aria-label=\"\" role=\"img\" ><\/div>\n\t\t\t\t\t\t\t\t\t\t\t<div class=\"elementor-gallery-item__overlay\"><\/div>\n\t\t\t\t\t\t\t\t\t\t\t\t\t\t<\/a>\n\t\t\t\t\t\t\t<a class=\"e-gallery-item elementor-gallery-item elementor-animated-content\" href=\"https:\/\/www.ufukdijital.com\/wp-content\/uploads\/2025\/12\/IMG-20251208-WA0024.jpg\" data-elementor-open-lightbox=\"yes\" data-elementor-lightbox-slideshow=\"2ba12ad\" data-elementor-lightbox-title=\"IMG-20251208-WA0024\" data-e-action-hash=\"#elementor-action%3Aaction%3Dlightbox%26settings%3DeyJpZCI6MzAzODQsInVybCI6Imh0dHBzOlwvXC93d3cudWZ1a2Rpaml0YWwuY29tXC93cC1jb250ZW50XC91cGxvYWRzXC8yMDI1XC8xMlwvSU1HLTIwMjUxMjA4LVdBMDAyNC5qcGciLCJzbGlkZXNob3ciOiIyYmExMmFkIn0%3D\">\n\t\t\t\t\t<div class=\"e-gallery-image elementor-gallery-item__image\" data-thumbnail=\"https:\/\/www.ufukdijital.com\/wp-content\/uploads\/2025\/12\/IMG-20251208-WA0024.jpg\" data-width=\"720\" data-height=\"949\" aria-label=\"\" role=\"img\" ><\/div>\n\t\t\t\t\t\t\t\t\t\t\t<div class=\"elementor-gallery-item__overlay\"><\/div>\n\t\t\t\t\t\t\t\t\t\t\t\t\t\t<\/a>\n\t\t\t\t\t\t\t<a class=\"e-gallery-item elementor-gallery-item elementor-animated-content\" href=\"https:\/\/www.ufukdijital.com\/wp-content\/uploads\/2025\/12\/IMG-20251208-WA0025.jpg\" data-elementor-open-lightbox=\"yes\" data-elementor-lightbox-slideshow=\"2ba12ad\" data-elementor-lightbox-title=\"IMG-20251208-WA0025\" data-e-action-hash=\"#elementor-action%3Aaction%3Dlightbox%26settings%3DeyJpZCI6MzAzODcsInVybCI6Imh0dHBzOlwvXC93d3cudWZ1a2Rpaml0YWwuY29tXC93cC1jb250ZW50XC91cGxvYWRzXC8yMDI1XC8xMlwvSU1HLTIwMjUxMjA4LVdBMDAyNS5qcGciLCJzbGlkZXNob3ciOiIyYmExMmFkIn0%3D\">\n\t\t\t\t\t<div class=\"e-gallery-image elementor-gallery-item__image\" data-thumbnail=\"https:\/\/www.ufukdijital.com\/wp-content\/uploads\/2025\/12\/IMG-20251208-WA0025.jpg\" data-width=\"750\" data-height=\"540\" aria-label=\"\" role=\"img\" ><\/div>\n\t\t\t\t\t\t\t\t\t\t\t<div class=\"elementor-gallery-item__overlay\"><\/div>\n\t\t\t\t\t\t\t\t\t\t\t\t\t\t<\/a>\n\t\t\t\t\t\t\t<a class=\"e-gallery-item elementor-gallery-item elementor-animated-content\" href=\"https:\/\/www.ufukdijital.com\/wp-content\/uploads\/2025\/12\/IMG-20251208-WA0030.jpg\" data-elementor-open-lightbox=\"yes\" data-elementor-lightbox-slideshow=\"2ba12ad\" data-elementor-lightbox-title=\"IMG-20251208-WA0030\" data-e-action-hash=\"#elementor-action%3Aaction%3Dlightbox%26settings%3DeyJpZCI6MzAzOTAsInVybCI6Imh0dHBzOlwvXC93d3cudWZ1a2Rpaml0YWwuY29tXC93cC1jb250ZW50XC91cGxvYWRzXC8yMDI1XC8xMlwvSU1HLTIwMjUxMjA4LVdBMDAzMC5qcGciLCJzbGlkZXNob3ciOiIyYmExMmFkIn0%3D\">\n\t\t\t\t\t<div class=\"e-gallery-image elementor-gallery-item__image\" data-thumbnail=\"https:\/\/www.ufukdijital.com\/wp-content\/uploads\/2025\/12\/IMG-20251208-WA0030.jpg\" data-width=\"2048\" data-height=\"1536\" aria-label=\"\" role=\"img\" ><\/div>\n\t\t\t\t\t\t\t\t\t\t\t<div class=\"elementor-gallery-item__overlay\"><\/div>\n\t\t\t\t\t\t\t\t\t\t\t\t\t\t<\/a>\n\t\t\t\t\t\t\t<a class=\"e-gallery-item elementor-gallery-item elementor-animated-content\" href=\"https:\/\/www.ufukdijital.com\/wp-content\/uploads\/2025\/12\/IMG-20251208-WA0066.jpg\" data-elementor-open-lightbox=\"yes\" data-elementor-lightbox-slideshow=\"2ba12ad\" data-elementor-lightbox-title=\"IMG-20251208-WA0066\" data-e-action-hash=\"#elementor-action%3Aaction%3Dlightbox%26settings%3DeyJpZCI6MzAzOTUsInVybCI6Imh0dHBzOlwvXC93d3cudWZ1a2Rpaml0YWwuY29tXC93cC1jb250ZW50XC91cGxvYWRzXC8yMDI1XC8xMlwvSU1HLTIwMjUxMjA4LVdBMDA2Ni5qcGciLCJzbGlkZXNob3ciOiIyYmExMmFkIn0%3D\">\n\t\t\t\t\t<div class=\"e-gallery-image elementor-gallery-item__image\" data-thumbnail=\"https:\/\/www.ufukdijital.com\/wp-content\/uploads\/2025\/12\/IMG-20251208-WA0066.jpg\" data-width=\"1200\" data-height=\"1600\" aria-label=\"\" role=\"img\" ><\/div>\n\t\t\t\t\t\t\t\t\t\t\t<div class=\"elementor-gallery-item__overlay\"><\/div>\n\t\t\t\t\t\t\t\t\t\t\t\t\t\t<\/a>\n\t\t\t\t\t\t\t<a class=\"e-gallery-item elementor-gallery-item elementor-animated-content\" href=\"https:\/\/www.ufukdijital.com\/wp-content\/uploads\/2025\/12\/IMG-20251208-WA0067.jpg\" data-elementor-open-lightbox=\"yes\" data-elementor-lightbox-slideshow=\"2ba12ad\" data-elementor-lightbox-title=\"IMG-20251208-WA0067\" data-e-action-hash=\"#elementor-action%3Aaction%3Dlightbox%26settings%3DeyJpZCI6MzA0MDAsInVybCI6Imh0dHBzOlwvXC93d3cudWZ1a2Rpaml0YWwuY29tXC93cC1jb250ZW50XC91cGxvYWRzXC8yMDI1XC8xMlwvSU1HLTIwMjUxMjA4LVdBMDA2Ny5qcGciLCJzbGlkZXNob3ciOiIyYmExMmFkIn0%3D\">\n\t\t\t\t\t<div class=\"e-gallery-image elementor-gallery-item__image\" data-thumbnail=\"https:\/\/www.ufukdijital.com\/wp-content\/uploads\/2025\/12\/IMG-20251208-WA0067.jpg\" data-width=\"1200\" data-height=\"1600\" aria-label=\"\" role=\"img\" ><\/div>\n\t\t\t\t\t\t\t\t\t\t\t<div class=\"elementor-gallery-item__overlay\"><\/div>\n\t\t\t\t\t\t\t\t\t\t\t\t\t\t<\/a>\n\t\t\t\t\t\t\t<a class=\"e-gallery-item elementor-gallery-item elementor-animated-content\" href=\"https:\/\/www.ufukdijital.com\/wp-content\/uploads\/2025\/12\/IMG-20251208-WA0069.jpg\" data-elementor-open-lightbox=\"yes\" data-elementor-lightbox-slideshow=\"2ba12ad\" data-elementor-lightbox-title=\"IMG-20251208-WA0069\" data-e-action-hash=\"#elementor-action%3Aaction%3Dlightbox%26settings%3DeyJpZCI6MzA0MDUsInVybCI6Imh0dHBzOlwvXC93d3cudWZ1a2Rpaml0YWwuY29tXC93cC1jb250ZW50XC91cGxvYWRzXC8yMDI1XC8xMlwvSU1HLTIwMjUxMjA4LVdBMDA2OS5qcGciLCJzbGlkZXNob3ciOiIyYmExMmFkIn0%3D\">\n\t\t\t\t\t<div class=\"e-gallery-image elementor-gallery-item__image\" data-thumbnail=\"https:\/\/www.ufukdijital.com\/wp-content\/uploads\/2025\/12\/IMG-20251208-WA0069.jpg\" data-width=\"1200\" data-height=\"1600\" aria-label=\"\" role=\"img\" ><\/div>\n\t\t\t\t\t\t\t\t\t\t\t<div class=\"elementor-gallery-item__overlay\"><\/div>\n\t\t\t\t\t\t\t\t\t\t\t\t\t\t<\/a>\n\t\t\t\t\t\t\t<a class=\"e-gallery-item elementor-gallery-item elementor-animated-content\" href=\"https:\/\/www.ufukdijital.com\/wp-content\/uploads\/2025\/12\/IMG-20251208-WA0134.jpg\" data-elementor-open-lightbox=\"yes\" data-elementor-lightbox-slideshow=\"2ba12ad\" data-elementor-lightbox-title=\"IMG-20251208-WA0134\" data-e-action-hash=\"#elementor-action%3Aaction%3Dlightbox%26settings%3DeyJpZCI6MzA0MTAsInVybCI6Imh0dHBzOlwvXC93d3cudWZ1a2Rpaml0YWwuY29tXC93cC1jb250ZW50XC91cGxvYWRzXC8yMDI1XC8xMlwvSU1HLTIwMjUxMjA4LVdBMDEzNC5qcGciLCJzbGlkZXNob3ciOiIyYmExMmFkIn0%3D\">\n\t\t\t\t\t<div class=\"e-gallery-image elementor-gallery-item__image\" data-thumbnail=\"https:\/\/www.ufukdijital.com\/wp-content\/uploads\/2025\/12\/IMG-20251208-WA0134.jpg\" data-width=\"1200\" data-height=\"1600\" aria-label=\"\" role=\"img\" ><\/div>\n\t\t\t\t\t\t\t\t\t\t\t<div class=\"elementor-gallery-item__overlay\"><\/div>\n\t\t\t\t\t\t\t\t\t\t\t\t\t\t<\/a>\n\t\t\t\t\t\t\t<a class=\"e-gallery-item elementor-gallery-item elementor-animated-content\" href=\"https:\/\/www.ufukdijital.com\/wp-content\/uploads\/2025\/12\/IMG-20251208-WA0137.jpg\" data-elementor-open-lightbox=\"yes\" data-elementor-lightbox-slideshow=\"2ba12ad\" data-elementor-lightbox-title=\"IMG-20251208-WA0137\" data-e-action-hash=\"#elementor-action%3Aaction%3Dlightbox%26settings%3DeyJpZCI6MzA0MTQsInVybCI6Imh0dHBzOlwvXC93d3cudWZ1a2Rpaml0YWwuY29tXC93cC1jb250ZW50XC91cGxvYWRzXC8yMDI1XC8xMlwvSU1HLTIwMjUxMjA4LVdBMDEzNy5qcGciLCJzbGlkZXNob3ciOiIyYmExMmFkIn0%3D\">\n\t\t\t\t\t<div class=\"e-gallery-image elementor-gallery-item__image\" data-thumbnail=\"https:\/\/www.ufukdijital.com\/wp-content\/uploads\/2025\/12\/IMG-20251208-WA0137.jpg\" data-width=\"1200\" data-height=\"1600\" aria-label=\"\" role=\"img\" ><\/div>\n\t\t\t\t\t\t\t\t\t\t\t<div class=\"elementor-gallery-item__overlay\"><\/div>\n\t\t\t\t\t\t\t\t\t\t\t\t\t\t<\/a>\n\t\t\t\t\t\t\t<a class=\"e-gallery-item elementor-gallery-item elementor-animated-content\" href=\"https:\/\/www.ufukdijital.com\/wp-content\/uploads\/2025\/12\/IMG-20251208-WA0140.jpg\" data-elementor-open-lightbox=\"yes\" data-elementor-lightbox-slideshow=\"2ba12ad\" data-elementor-lightbox-title=\"IMG-20251208-WA0140\" data-e-action-hash=\"#elementor-action%3Aaction%3Dlightbox%26settings%3DeyJpZCI6MzA0MTgsInVybCI6Imh0dHBzOlwvXC93d3cudWZ1a2Rpaml0YWwuY29tXC93cC1jb250ZW50XC91cGxvYWRzXC8yMDI1XC8xMlwvSU1HLTIwMjUxMjA4LVdBMDE0MC5qcGciLCJzbGlkZXNob3ciOiIyYmExMmFkIn0%3D\">\n\t\t\t\t\t<div class=\"e-gallery-image elementor-gallery-item__image\" data-thumbnail=\"https:\/\/www.ufukdijital.com\/wp-content\/uploads\/2025\/12\/IMG-20251208-WA0140.jpg\" data-width=\"1200\" data-height=\"1600\" aria-label=\"\" role=\"img\" ><\/div>\n\t\t\t\t\t\t\t\t\t\t\t<div class=\"elementor-gallery-item__overlay\"><\/div>\n\t\t\t\t\t\t\t\t\t\t\t\t\t\t<\/a>\n\t\t\t\t\t\t\t<a class=\"e-gallery-item elementor-gallery-item elementor-animated-content\" href=\"https:\/\/www.ufukdijital.com\/wp-content\/uploads\/2025\/12\/Screenshot_20220419-104725_WhatsApp.jpg\" data-elementor-open-lightbox=\"yes\" data-elementor-lightbox-slideshow=\"2ba12ad\" data-elementor-lightbox-title=\"Screenshot_20220419-104725_WhatsApp\" data-e-action-hash=\"#elementor-action%3Aaction%3Dlightbox%26settings%3DeyJpZCI6MzA0MjMsInVybCI6Imh0dHBzOlwvXC93d3cudWZ1a2Rpaml0YWwuY29tXC93cC1jb250ZW50XC91cGxvYWRzXC8yMDI1XC8xMlwvU2NyZWVuc2hvdF8yMDIyMDQxOS0xMDQ3MjVfV2hhdHNBcHAuanBnIiwic2xpZGVzaG93IjoiMmJhMTJhZCJ9\">\n\t\t\t\t\t<div class=\"e-gallery-image elementor-gallery-item__image\" data-thumbnail=\"https:\/\/www.ufukdijital.com\/wp-content\/uploads\/2025\/12\/Screenshot_20220419-104725_WhatsApp.jpg\" data-width=\"1070\" data-height=\"1206\" aria-label=\"\" role=\"img\" ><\/div>\n\t\t\t\t\t\t\t\t\t\t\t<div class=\"elementor-gallery-item__overlay\"><\/div>\n\t\t\t\t\t\t\t\t\t\t\t\t\t\t<\/a>\n\t\t\t\t\t\t\t<a class=\"e-gallery-item elementor-gallery-item elementor-animated-content\" href=\"https:\/\/www.ufukdijital.com\/wp-content\/uploads\/2025\/12\/Screenshot_20220701-184435_WhatsApp-1.jpg\" data-elementor-open-lightbox=\"yes\" data-elementor-lightbox-slideshow=\"2ba12ad\" data-elementor-lightbox-title=\"Screenshot_20220701-184435_WhatsApp\" data-e-action-hash=\"#elementor-action%3Aaction%3Dlightbox%26settings%3DeyJpZCI6MzA0MjcsInVybCI6Imh0dHBzOlwvXC93d3cudWZ1a2Rpaml0YWwuY29tXC93cC1jb250ZW50XC91cGxvYWRzXC8yMDI1XC8xMlwvU2NyZWVuc2hvdF8yMDIyMDcwMS0xODQ0MzVfV2hhdHNBcHAtMS5qcGciLCJzbGlkZXNob3ciOiIyYmExMmFkIn0%3D\">\n\t\t\t\t\t<div class=\"e-gallery-image elementor-gallery-item__image\" data-thumbnail=\"https:\/\/www.ufukdijital.com\/wp-content\/uploads\/2025\/12\/Screenshot_20220701-184435_WhatsApp-1.jpg\" data-width=\"1079\" data-height=\"954\" aria-label=\"\" role=\"img\" ><\/div>\n\t\t\t\t\t\t\t\t\t\t\t<div class=\"elementor-gallery-item__overlay\"><\/div>\n\t\t\t\t\t\t\t\t\t\t\t\t\t\t<\/a>\n\t\t\t\t\t<\/div>\n\t\t\t\t\t<\/div>\n\t\t\t\t\t<\/div>\n\t\t\t\t<\/div>\n\t\t\t\t<\/div>\n\t\t","protected":false},"excerpt":{"rendered":"","protected":false},"author":1,"featured_media":0,"parent":30266,"menu_order":0,"comment_status":"closed","ping_status":"closed","template":"","meta":{"footnotes":""},"class_list":["post-30272","page","type-page","status-publish","hentry"],"_links":{"self":[{"href":"https:\/\/www.ufukdijital.com\/index.php\/wp-json\/wp\/v2\/pages\/30272","targetHints":{"allow":["GET"]}}],"collection":[{"href":"https:\/\/www.ufukdijital.com\/index.php\/wp-json\/wp\/v2\/pages"}],"about":[{"href":"https:\/\/www.ufukdijital.com\/index.php\/wp-json\/wp\/v2\/types\/page"}],"author":[{"embeddable":true,"href":"https:\/\/www.ufukdijital.com\/index.php\/wp-json\/wp\/v2\/users\/1"}],"replies":[{"embeddable":true,"href":"https:\/\/www.ufukdijital.com\/index.php\/wp-json\/wp\/v2\/comments?post=30272"}],"version-history":[{"count":4,"href":"https:\/\/www.ufukdijital.com\/index.php\/wp-json\/wp\/v2\/pages\/30272\/revisions"}],"predecessor-version":[{"id":30508,"href":"https:\/\/www.ufukdijital.com\/index.php\/wp-json\/wp\/v2\/pages\/30272\/revisions\/30508"}],"up":[{"embeddable":true,"href":"https:\/\/www.ufukdijital.com\/index.php\/wp-json\/wp\/v2\/pages\/30266"}],"wp:attachment":[{"href":"https:\/\/www.ufukdijital.com\/index.php\/wp-json\/wp\/v2\/media?parent=30272"}],"curies":[{"name":"wp","href":"https:\/\/api.w.org\/{rel}","templated":true}]}}